{"id":130631,"date":"2024-04-24T12:09:32","date_gmt":"2024-04-24T12:09:32","guid":{"rendered":"https:\/\/lafloret.studio\/?page_id=130631"},"modified":"2026-03-11T20:24:47","modified_gmt":"2026-03-11T20:24:47","slug":"home","status":"publish","type":"page","link":"https:\/\/lafloret.studio\/fr\/","title":{"rendered":"Home"},"content":{"rendered":"<div class=\"wpb-content-wrapper\"><div data-parent=\"true\" class=\"vc_row style-color-103188-bg row-container\" id=\"row-unique-0\"><div class=\"row col-double-gutter exa-top-padding exa-bottom-padding single-h-padding limit-width row-parent\"><div class=\"wpb_row row-inner\"><div class=\"wpb_column pos-top pos-center align_center column_parent col-lg-12 double-internal-gutter\"><div class=\"uncol style-light\"  ><div class=\"uncoltable\"><div class=\"uncell no-block-padding\" ><div class=\"uncont\"><div class=\"vc_row row-internal row-container\"><div class=\"row col-double-gutter row-child\"><div class=\"wpb_row row-inner\"><div class=\"wpb_column pos-top pos-center align_center column_child col-lg-12 half-internal-gutter\"><div class=\"uncol style-light font-136269\" ><div class=\"uncoltable\"><div class=\"uncell no-block-padding\" ><div class=\"uncont\" style=\"max-width:600px;\"><div class=\"vc_custom_heading_wrap\"><div class=\"heading-text el-text\" ><h2 class=\"font-870168 h1\" ><span><b>MINIMALIST STYLE<br \/><\/span><span><\/b><em>GOOD VIBES<\/em><\/span><\/h2><\/div><div class=\"clear\"><\/div><\/div><div class=\"uncode_text_column text-lead\" ><p>Pour les femmes sensibles \u00e0 un style intemporel et aux moments vrais, lafloret.studio propose des photographies de maternit\u00e9 dans un cadre simple et au style \u00e9ditorial, o\u00f9 l\u2019essentiel reste l\u2019\u00e9motion et la connexion.<\/p>\n<p>\u00c0 Neudorf, \u00e0 Strasbourg, ce studio \u00e0 domicile, calme et lumineux, offre un d\u00e9cor \u00e9pur\u00e9 pour capturer des instants authentiques, tout en douceur.<br \/>\n<!-- notionvc: 88fef69e-1598-445a-9384-163f435472ae --><\/p>\n<\/div><\/div><\/div><\/div><\/div><\/div><\/div><\/div><\/div><\/div><\/div><\/div><\/div><\/div><script id=\"script-row-unique-0\" data-row=\"script-row-unique-0\" type=\"text\/javascript\" class=\"vc_controls\">UNCODE.initRow(document.getElementById(\"row-unique-0\"));<\/script><\/div><\/div><\/div><div data-parent=\"true\" class=\"vc_row row-container\" id=\"row-unique-1\"><div class=\"row unequal col-no-gutter no-top-padding no-bottom-padding no-h-padding full-width row-parent\"><div class=\"wpb_row row-inner\"><div class=\"wpb_column pos-top pos-center align_left column_parent col-lg-4 col-md-33 single-internal-gutter\"><div class=\"uncol style-light\"  ><div class=\"uncoltable\"><div class=\"uncell triple-block-padding style-color-191628-bg\" ><div class=\"uncont\"><div class=\"vc_row row-internal row-container\"><div class=\"row row-child\"><div class=\"wpb_row row-inner\"><div class=\"wpb_column pos-top pos-center align_center column_child col-lg-12 no-internal-gutter\"><div class=\"uncol style-light\" ><div class=\"uncoltable\"><div class=\"uncell no-block-padding\" ><div class=\"uncont\"><div class=\"vc_custom_heading_wrap\"><div class=\"heading-text el-text\" ><h3 class=\"font-870168 h2 text-color-103188-color\" ><span>GROSSESSE<\/span><\/h3><\/div><div class=\"clear\"><\/div><\/div><\/div><\/div><\/div><\/div><\/div><\/div><\/div><\/div><div class=\"uncode-single-media  text-left\"><div class=\"single-wrapper\" style=\"max-width: 100%;\"><div class=\"tmb tmb-light  tmb-img-ratio tmb-media-first tmb-media-last tmb-content-overlay tmb-no-bg\"><div class=\"t-inside\"><div class=\"t-entry-visual\"><div class=\"t-entry-visual-tc\"><div class=\"uncode-single-media-wrapper\"><div class=\"dummy\" style=\"padding-top: 133.3%;\"><\/div><img decoding=\"async\" class=\"wp-image-131284\" src=\"https:\/\/lafloret.studio\/wp-content\/uploads\/2026\/03\/Reka_06-uai-1000x1333.jpg\" width=\"1000\" height=\"1333\" alt=\"editorial style maternity photo in a minimalist studio setting\" srcset=\"https:\/\/lafloret.studio\/wp-content\/uploads\/2026\/03\/Reka_06-uai-1000x1333.jpg 1000w, https:\/\/lafloret.studio\/wp-content\/uploads\/2026\/03\/Reka_06-8x12.jpg 8w, https:\/\/lafloret.studio\/wp-content\/uploads\/2026\/03\/Reka_06-uai-720x959.jpg 720w\" sizes=\"(max-width: 1000px) 100vw, 1000px\" \/><\/div>\n\t\t\t\t\t<\/div>\n\t\t\t\t<\/div><\/div><\/div><\/div><\/div><div class=\"vc_row row-internal row-container\"><div class=\"row row-child\"><div class=\"wpb_row row-inner\"><div class=\"wpb_column pos-top pos-center align_center column_child col-lg-12 single-internal-gutter\"><div class=\"uncol style-light\" ><div class=\"uncoltable\"><div class=\"uncell no-block-padding\" ><div class=\"uncont\"><div class=\"uncode_text_column text-color-103188-color\" ><p>Pour les futures mamans rayonnantes...Votre corps, votre parcours, c'est incroyable. Laissez-moi le capturer avec une attention d\u00e9licate et un raffinement artistique, pr\u00e9servant la beaut\u00e9 et l'\u00e9merveillement de cette p\u00e9riode extraordinaire de votre vie.<\/p>\n<\/div><\/div><\/div><\/div><\/div><\/div><\/div><\/div><\/div><\/div><\/div><\/div><\/div><\/div><div class=\"wpb_column pos-top pos-center align_center column_parent col-lg-4 col-md-33 single-internal-gutter\"><div class=\"uncol style-light\"  ><div class=\"uncoltable\"><div class=\"uncell triple-block-padding style-color-191628-bg\" ><div class=\"uncont\"><div class=\"vc_row row-internal row-container\"><div class=\"row row-child\"><div class=\"wpb_row row-inner\"><div class=\"wpb_column pos-top pos-center align_center column_child col-lg-12 no-internal-gutter\"><div class=\"uncol style-light\" ><div class=\"uncoltable\"><div class=\"uncell no-block-padding\" ><div class=\"uncont\"><div class=\"vc_custom_heading_wrap\"><div class=\"heading-text el-text\" ><h3 class=\"font-870168 h2 text-color-103188-color\" ><span>NOUVEAU-N\u00c9E<\/span><\/h3><\/div><div class=\"clear\"><\/div><\/div><\/div><\/div><\/div><\/div><\/div><\/div><\/div><\/div><div class=\"uncode-single-media  text-left\"><div class=\"single-wrapper\" style=\"max-width: 100%;\"><div class=\"tmb tmb-light  tmb-img-ratio tmb-media-first tmb-media-last tmb-content-overlay tmb-no-bg\"><div class=\"t-inside\"><div class=\"t-entry-visual\"><div class=\"t-entry-visual-tc\"><div class=\"uncode-single-media-wrapper\"><div class=\"dummy\" style=\"padding-top: 133.3%;\"><\/div><img decoding=\"async\" class=\"wp-image-131194\" src=\"https:\/\/lafloret.studio\/wp-content\/uploads\/2025\/08\/strasbourg-newborn-photography-gift-03-uai-1200x1600.jpg\" width=\"1200\" height=\"1600\" alt=\"newborn session at home in strasbourg\" srcset=\"https:\/\/lafloret.studio\/wp-content\/uploads\/2025\/08\/strasbourg-newborn-photography-gift-03-uai-1200x1600.jpg 1200w, https:\/\/lafloret.studio\/wp-content\/uploads\/2025\/08\/strasbourg-newborn-photography-gift-03-8x12.jpg 8w, https:\/\/lafloret.studio\/wp-content\/uploads\/2025\/08\/strasbourg-newborn-photography-gift-03-uai-720x959.jpg 720w, https:\/\/lafloret.studio\/wp-content\/uploads\/2025\/08\/strasbourg-newborn-photography-gift-03-uai-1032x1375.jpg 1032w\" sizes=\"(max-width: 1200px) 100vw, 1200px\" \/><\/div>\n\t\t\t\t\t<\/div>\n\t\t\t\t<\/div><\/div><\/div><\/div><\/div><div class=\"vc_row row-internal row-container\"><div class=\"row row-child\"><div class=\"wpb_row row-inner\"><div class=\"wpb_column pos-top pos-center align_center column_child col-lg-12 single-internal-gutter\"><div class=\"uncol style-light\" ><div class=\"uncoltable\"><div class=\"uncell no-block-padding\" ><div class=\"uncont\"><div class=\"uncode_text_column text-color-103188-color\" ><p>Lors des s\u00e9ances nouveau-n\u00e9, je documente avec douceur les premiers jours de vie de votre b\u00e9b\u00e9, en cr\u00e9ant des photographies naturelles au style \u00e9ditorial qui capturent la beaut\u00e9 de ces tout premiers instants, soit dans le confort de votre maison, soit dans mon studio.<\/p>\n<\/div><\/div><\/div><\/div><\/div><\/div><\/div><\/div><\/div><div class=\"empty-space empty-double\" ><span class=\"empty-space-inner\"><\/span><\/div>\n<span class=\"btn-container\" ><a href=\"https:\/\/lafloret.studio\/fr\/strasbourg-photographer-services\/\" class=\"custom-link btn border-width-0 btn-accent btn-icon-left\" title=\"Prestations\">En savoir plus sur mes services<\/a><\/span><\/div><\/div><\/div><\/div><\/div><div class=\"wpb_column pos-top pos-center align_center column_parent col-lg-4 col-md-33 single-internal-gutter\"><div class=\"uncol style-light\"  ><div class=\"uncoltable\"><div class=\"uncell triple-block-padding style-color-191628-bg\" ><div class=\"uncont\"><div class=\"vc_row row-internal row-container\"><div class=\"row row-child\"><div class=\"wpb_row row-inner\"><div class=\"wpb_column pos-top pos-center align_center column_child col-lg-12 no-internal-gutter\"><div class=\"uncol style-light\" ><div class=\"uncoltable\"><div class=\"uncell no-block-padding\" ><div class=\"uncont\"><div class=\"vc_custom_heading_wrap\"><div class=\"heading-text el-text\" ><h3 class=\"font-870168 h2 text-color-103188-color\" ><span>FAMILLE<\/span><\/h3><\/div><div class=\"clear\"><\/div><\/div><\/div><\/div><\/div><\/div><\/div><\/div><\/div><\/div><div class=\"uncode-single-media  text-left\"><div class=\"single-wrapper\" style=\"max-width: 100%;\"><div class=\"tmb tmb-light  tmb-img-ratio tmb-media-first tmb-media-last tmb-content-overlay tmb-no-bg\"><div class=\"t-inside\"><div class=\"t-entry-visual\"><div class=\"t-entry-visual-tc\"><div class=\"uncode-single-media-wrapper\"><div class=\"dummy\" style=\"padding-top: 133.3%;\"><\/div><img alt=\"\" decoding=\"async\" class=\"wp-image-131246\" src=\"https:\/\/lafloret.studio\/wp-content\/uploads\/2025\/11\/strasbourg-mummy-and-me-photoshoot_02-uai-1200x1600.jpg\" width=\"1200\" height=\"1600\" srcset=\"https:\/\/lafloret.studio\/wp-content\/uploads\/2025\/11\/strasbourg-mummy-and-me-photoshoot_02-uai-1200x1600.jpg 1200w, https:\/\/lafloret.studio\/wp-content\/uploads\/2025\/11\/strasbourg-mummy-and-me-photoshoot_02-8x12.jpg 8w, https:\/\/lafloret.studio\/wp-content\/uploads\/2025\/11\/strasbourg-mummy-and-me-photoshoot_02-uai-720x959.jpg 720w, https:\/\/lafloret.studio\/wp-content\/uploads\/2025\/11\/strasbourg-mummy-and-me-photoshoot_02-uai-1032x1375.jpg 1032w\" sizes=\"(max-width: 1200px) 100vw, 1200px\" \/><\/div>\n\t\t\t\t\t<\/div>\n\t\t\t\t<\/div><\/div><\/div><\/div><\/div><div class=\"vc_row row-internal row-container\"><div class=\"row row-child\"><div class=\"wpb_row row-inner\"><div class=\"wpb_column pos-top pos-center align_center column_child col-lg-12 single-internal-gutter\"><div class=\"uncol style-light\" ><div class=\"uncoltable\"><div class=\"uncell no-block-padding\" ><div class=\"uncont\"><div class=\"uncode_text_column text-color-103188-color\" ><p>Faites l'exp\u00e9rience de la connexion sinc\u00e8re entre les parents et l'enfant lors d'une s\u00e9ance photo familiale. Ces portraits intimes capturent votre lien et votre tendresse, pr\u00e9servant des moments d'amour et d'affection qui r\u00e9chaufferont votre c\u0153ur pendant des ann\u00e9es.<\/p>\n<\/div><\/div><\/div><\/div><\/div><\/div><\/div><\/div><\/div><\/div><\/div><\/div><\/div><\/div><script id=\"script-row-unique-1\" data-row=\"script-row-unique-1\" type=\"text\/javascript\" class=\"vc_controls\">UNCODE.initRow(document.getElementById(\"row-unique-1\"));<\/script><\/div><\/div><\/div><div data-parent=\"true\" class=\"vc_row inverted-device-order style-color-103188-bg row-container\" id=\"row-unique-2\"><div class=\"row col-double-gutter quad-top-padding quad-bottom-padding single-h-padding limit-width row-parent\"><div class=\"wpb_row row-inner\"><div class=\"wpb_column pos-middle pos-left align_left column_parent col-lg-6 col-md-50 single-internal-gutter\"><div class=\"uncol style-light\"  ><div class=\"uncoltable\"><div class=\"uncell no-block-padding\" ><div class=\"uncont\"><div class=\"vc_custom_heading_wrap\"><div class=\"heading-text el-text\" ><h6 class=\"h6 text-color-191628-color text-uppercase\" ><span>Rencontrez votre photographe<!-- notionvc: c24cb5ad-c9a1-4943-b95c-a6e079e178df --><\/span><\/h6><\/div><div class=\"clear\"><\/div><\/div><div class=\"vc_custom_heading_wrap\"><div class=\"heading-text el-text\" ><h3 class=\"font-870168 h1\" ><span>Hey bonjour ! \nJe suis Fl\u00f3ra<\/span><\/h3><div><p>Photographe bas\u00e9e \u00e0 Strasbourg, je suis si heureuse que vous ayez trouv\u00e9 ma page.<\/p>\n<p>Dans mon studio, la cr\u00e9ativit\u00e9 et l'\u00e9mancipation sont au c\u0153ur de mon travail. J'adopte un style minimaliste, me concentrant sur les \u00e9l\u00e9ments purs et essentiels pour capturer votre essence unique et vous aider \u00e0 vous sentir confiante et vue.<\/p>\n<p>Rejoignez-moi dans ce voyage de d\u00e9couverte de la beaut\u00e9 et de la force, une photographie \u00e0 la fois. Cr\u00e9ons ensemble quelque chose d'incroyable !<\/p>\n<\/div><\/div><div class=\"clear\"><\/div><\/div><span class=\"btn-container\" ><a href=\"https:\/\/lafloret.studio\/fr\/about\/\" class=\"custom-link btn border-width-0 btn-color-191628 btn-icon-left\" title=\"\u00c0 propos\" target=\"_blank\">Plus d'informations sur lafloret.studio<\/a><\/span><\/div><\/div><\/div><\/div><\/div><div class=\"wpb_column pos-top pos-center align_left column_parent col-lg-6 inverted-device-order col-md-50 single-internal-gutter\"><div class=\"uncol style-light\"  ><div class=\"uncoltable\"><div class=\"uncell no-block-padding\" ><div class=\"uncont\"><div class=\"uncode-single-media  text-right\"><div class=\"single-wrapper\" style=\"max-width: 100%;\"><div class=\"tmb tmb-light  tmb-media-first tmb-media-last tmb-content-overlay tmb-no-bg\"><div class=\"t-inside\"><div class=\"t-entry-visual\"><div class=\"t-entry-visual-tc\"><div class=\"uncode-single-media-wrapper\"><img alt=\"\" decoding=\"async\" class=\"wp-image-130708\" src=\"https:\/\/lafloret.studio\/wp-content\/uploads\/2024\/06\/Strasbourg_photographer_04-scaled.jpg\" width=\"1707\" height=\"2560\" srcset=\"https:\/\/lafloret.studio\/wp-content\/uploads\/2024\/06\/Strasbourg_photographer_04-scaled.jpg 1707w, https:\/\/lafloret.studio\/wp-content\/uploads\/2024\/06\/Strasbourg_photographer_04-200x300.jpg 200w, https:\/\/lafloret.studio\/wp-content\/uploads\/2024\/06\/Strasbourg_photographer_04-683x1024.jpg 683w, https:\/\/lafloret.studio\/wp-content\/uploads\/2024\/06\/Strasbourg_photographer_04-768x1152.jpg 768w, https:\/\/lafloret.studio\/wp-content\/uploads\/2024\/06\/Strasbourg_photographer_04-1024x1536.jpg 1024w, https:\/\/lafloret.studio\/wp-content\/uploads\/2024\/06\/Strasbourg_photographer_04-1365x2048.jpg 1365w, https:\/\/lafloret.studio\/wp-content\/uploads\/2024\/06\/Strasbourg_photographer_04-350x525.jpg 350w, https:\/\/lafloret.studio\/wp-content\/uploads\/2024\/06\/Strasbourg_photographer_04-scaled-uai-720x1080.jpg 720w, https:\/\/lafloret.studio\/wp-content\/uploads\/2024\/06\/Strasbourg_photographer_04-scaled-uai-1032x1548.jpg 1032w\" sizes=\"(max-width: 1707px) 100vw, 1707px\" \/><\/div>\n\t\t\t\t\t<\/div>\n\t\t\t\t<\/div><\/div><\/div><\/div><\/div><\/div><\/div><\/div><\/div><\/div><script id=\"script-row-unique-2\" data-row=\"script-row-unique-2\" type=\"text\/javascript\" class=\"vc_controls\">UNCODE.initRow(document.getElementById(\"row-unique-2\"));<\/script><\/div><\/div><\/div><div data-parent=\"true\" class=\"vc_row inverted-device-order row-container with-parallax\" id=\"row-unique-3\"><div class=\"row-background background-element\">\n\t\t\t\t\t\t\t\t\t\t\t<div class=\"background-wrapper\">\n\t\t\t\t\t\t\t\t\t\t\t\t<div class=\"background-inner\" style=\"background-image: url(https:\/\/lafloret.studio\/wp-content\/uploads\/2024\/06\/Photograph_Strasbourg_Grossesse_6-scaled.jpg);background-repeat: no-repeat;background-position: center center;background-size: cover;\"><\/div>\n\t\t\t\t\t\t\t\t\t\t\t\t\n\t\t\t\t\t\t\t\t\t\t\t<\/div>\n\t\t\t\t\t\t\t\t\t\t<\/div><div class=\"row col-no-gutter quad-top-padding quad-bottom-padding quad-h-padding full-width row-parent\"><div class=\"wpb_row row-inner\"><div class=\"wpb_column pos-middle pos-center align_left column_parent col-lg-8 single-internal-gutter z_index_2\"><div class=\"uncol style-dark font-870168 shift_x_double\"  ><div class=\"uncoltable\"><div class=\"uncell no-block-padding\" ><div class=\"uncont\"><div class=\"empty-space empty-single\" ><span class=\"empty-space-inner\"><\/span><\/div>\n<div class=\"vc_custom_heading_wrap\"><div class=\"heading-text el-text\" ><h2 class=\"font-870168 h2 text-text_color-421049-color\" ><span>\"Flora est une photographe qui vous mettra imm\u00e9diatement \u00e0 l'aise avec sa personnalit\u00e9 terre \u00e0 terre et son sens unique de l'humour. Elle \u00e9coute vraiment, cr\u00e9e de l'empathie, et capture des moments pleins de chaleur, d'honn\u00eatet\u00e9, et de beaut\u00e9.<\/p><\/span><span><p>Ce que j'aime chez Flora, c'est qu'elle vous donnera le temps dont vous avez besoin pour vous sentir pr\u00eat et \u00e0 l'aise devant la cam\u00e9ra.\"<\/p><\/span><span><p><em>\u2014 Venesa<\/em><\/span><\/h2><\/div><div class=\"clear\"><\/div><\/div><\/div><\/div><\/div><\/div><\/div><div class=\"wpb_column pos-top pos-center align_left column_parent col-lg-4 single-internal-gutter\"><div class=\"uncol style-light\"  ><div class=\"uncoltable\"><div class=\"uncell no-block-padding\" ><div class=\"uncont\"><div class=\"empty-space empty-single\" ><span class=\"empty-space-inner\"><\/span><\/div>\n<\/div><\/div><\/div><\/div><\/div><script id=\"script-row-unique-3\" data-row=\"script-row-unique-3\" type=\"text\/javascript\" class=\"vc_controls\">UNCODE.initRow(document.getElementById(\"row-unique-3\"));<\/script><\/div><\/div><\/div><div data-parent=\"true\" class=\"vc_row row-container\" id=\"row-unique-4\"><div class=\"row limit-width row-parent\"><div class=\"wpb_row row-inner\"><div class=\"wpb_column pos-top pos-center align_left column_parent col-lg-12 single-internal-gutter\"><div class=\"uncol style-light\"  ><div class=\"uncoltable\"><div class=\"uncell no-block-padding\" ><div class=\"uncont\">\n\t<div class=\"wpb_raw_code wpb_content_element wpb_raw_html\" >\n\t\t<div class=\"wpb_wrapper\">\n\t\t\t<!-- Calendly inline widget begin -->\n<div class=\"calendly-inline-widget\" data-url=\"https:\/\/calendly.com\/zsflora\/seance-photo\" style=\"min-width:320px;height:700px;\"><\/div>\n<script type=\"text\/javascript\" src=\"https:\/\/assets.calendly.com\/assets\/external\/widget.js\" async><\/script>\n<!-- Calendly inline widget end -->\n\t\t<\/div>\n\t<\/div>\n<\/div><\/div><\/div><\/div><\/div><script id=\"script-row-unique-4\" data-row=\"script-row-unique-4\" type=\"text\/javascript\" class=\"vc_controls\">UNCODE.initRow(document.getElementById(\"row-unique-4\"));<\/script><\/div><\/div><\/div>\n<\/div>","protected":false},"excerpt":{"rendered":"MINIMALIST STYLEGOOD VIBESFor women who cherish timeless style captured with genuine emotion, lafloret.studio offers an inspired blend of artistic vision [...]","protected":false},"author":1,"featured_media":0,"parent":0,"menu_order":0,"comment_status":"closed","ping_status":"closed","template":"","meta":{"_seopress_robots_primary_cat":"","_seopress_titles_title":"","_seopress_titles_desc":"","_seopress_robots_index":"","footnotes":""},"class_list":["post-130631","page","type-page","status-publish","hentry"],"_links":{"self":[{"href":"https:\/\/lafloret.studio\/fr\/wp-json\/wp\/v2\/pages\/130631","targetHints":{"allow":["GET"]}}],"collection":[{"href":"https:\/\/lafloret.studio\/fr\/wp-json\/wp\/v2\/pages"}],"about":[{"href":"https:\/\/lafloret.studio\/fr\/wp-json\/wp\/v2\/types\/page"}],"author":[{"embeddable":true,"href":"https:\/\/lafloret.studio\/fr\/wp-json\/wp\/v2\/users\/1"}],"replies":[{"embeddable":true,"href":"https:\/\/lafloret.studio\/fr\/wp-json\/wp\/v2\/comments?post=130631"}],"version-history":[{"count":72,"href":"https:\/\/lafloret.studio\/fr\/wp-json\/wp\/v2\/pages\/130631\/revisions"}],"predecessor-version":[{"id":131290,"href":"https:\/\/lafloret.studio\/fr\/wp-json\/wp\/v2\/pages\/130631\/revisions\/131290"}],"wp:attachment":[{"href":"https:\/\/lafloret.studio\/fr\/wp-json\/wp\/v2\/media?parent=130631"}],"curies":[{"name":"wp","href":"https:\/\/api.w.org\/{rel}","templated":true}]}}