{"id":130736,"date":"2024-06-06T13:16:04","date_gmt":"2024-06-06T13:16:04","guid":{"rendered":"https:\/\/lafloret.studio\/?page_id=130736"},"modified":"2024-09-13T13:36:29","modified_gmt":"2024-09-13T13:36:29","slug":"a-propos","status":"publish","type":"page","link":"https:\/\/lafloret.studio\/fr\/a-propos\/","title":{"rendered":"\u00c0 propos"},"content":{"rendered":"<div class=\"wpb-content-wrapper\"><div data-parent=\"true\" class=\"vc_row row-container\" id=\"row-unique-0\"><div class=\"row unequal penta-top-padding penta-bottom-padding single-h-padding limit-width row-parent\"><div class=\"wpb_row row-inner\"><div class=\"wpb_column pos-middle pos-center align_left column_parent col-lg-6 single-internal-gutter\"><div class=\"uncol style-light\"  ><div class=\"uncoltable\"><div class=\"uncell no-block-padding\" ><div class=\"uncont\"><div class=\"vc_custom_heading_wrap\"><div class=\"heading-text el-text\" ><h3 class=\"font-870168 h1\" ><span>Hey there, beautiful souls&#8230;<!-- notionvc: a8a2d5a6-d4f9-445c-b7d7-e8d31adc8222 --><\/span><\/h3><\/div><div class=\"clear\"><\/div><\/div><div class=\"uncode_text_column text-lead\" ><p>Allons droit au but : je suis ravie que vous soyez ici.<\/p>\n<p>Capturer ces moments tendres qui d\u00e9finissent la f\u00e9minit\u00e9 est vraiment sp\u00e9cial.<\/p>\n<p>Apr\u00e8s avoir travaill\u00e9 dans la production de films et les communications d'entreprise, ma passion pour la photographie a pris son envol lorsque j'ai commenc\u00e9 \u00e0 me concentrer sur la capture de la force des femmes.<\/p>\n<!-- notionvc: 238f4f35-f7f5-4d4a-9b45-b3656abc854f -->\n<\/div><\/div><\/div><\/div><\/div><\/div><div class=\"wpb_column pos-middle pos-center align_left column_parent col-lg-6 single-internal-gutter\"><div class=\"uncol style-light\"  ><div class=\"uncoltable\"><div class=\"uncell no-block-padding\" ><div class=\"uncont\"><div class=\"vc_row row-internal row-container\"><div class=\"row col-half-gutter row-child\"><div class=\"wpb_row row-inner\"><div class=\"wpb_column pos-top pos-center align_left column_child col-lg-6 col-md-50 col-sm-50 single-internal-gutter\"><div class=\"uncol style-light shift_y_neg_single shift_y_fixed\" ><div class=\"uncoltable\"><div class=\"uncell no-block-padding\" ><div class=\"uncont\"><div class=\"uncode-single-media  text-left\"><div class=\"single-wrapper\" style=\"max-width: 100%;\"><div class=\"tmb tmb-light  tmb-media-first tmb-media-last tmb-content-overlay tmb-no-bg\"><div class=\"t-inside\"><div class=\"t-entry-visual\"><div class=\"t-entry-visual-tc\"><div class=\"uncode-single-media-wrapper\"><img alt=\"\" decoding=\"async\" class=\"wp-image-130710\" src=\"https:\/\/lafloret.studio\/wp-content\/uploads\/2024\/06\/Strasbourg_photographer_20-scaled.jpg\" width=\"1707\" height=\"2560\" srcset=\"https:\/\/lafloret.studio\/wp-content\/uploads\/2024\/06\/Strasbourg_photographer_20-scaled.jpg 1707w, https:\/\/lafloret.studio\/wp-content\/uploads\/2024\/06\/Strasbourg_photographer_20-200x300.jpg 200w, https:\/\/lafloret.studio\/wp-content\/uploads\/2024\/06\/Strasbourg_photographer_20-683x1024.jpg 683w, https:\/\/lafloret.studio\/wp-content\/uploads\/2024\/06\/Strasbourg_photographer_20-768x1152.jpg 768w, https:\/\/lafloret.studio\/wp-content\/uploads\/2024\/06\/Strasbourg_photographer_20-1024x1536.jpg 1024w, https:\/\/lafloret.studio\/wp-content\/uploads\/2024\/06\/Strasbourg_photographer_20-1365x2048.jpg 1365w, https:\/\/lafloret.studio\/wp-content\/uploads\/2024\/06\/Strasbourg_photographer_20-350x525.jpg 350w, https:\/\/lafloret.studio\/wp-content\/uploads\/2024\/06\/Strasbourg_photographer_20-scaled-uai-720x1080.jpg 720w, https:\/\/lafloret.studio\/wp-content\/uploads\/2024\/06\/Strasbourg_photographer_20-scaled-uai-1032x1548.jpg 1032w\" sizes=\"(max-width: 1707px) 100vw, 1707px\" \/><\/div>\n\t\t\t\t\t<\/div>\n\t\t\t\t<\/div><\/div><\/div><\/div><\/div><\/div><\/div><\/div><\/div><\/div><div class=\"wpb_column pos-top pos-center align_left column_child col-lg-6 col-md-50 col-sm-50 single-internal-gutter shift-col-wa\"><div class=\"uncol style-light shift_y_down_neg_single shift_y_fixed\" ><div class=\"uncoltable\"><div class=\"uncell no-block-padding\" ><div class=\"uncont\"><div class=\"uncode-single-media  text-left\"><div class=\"single-wrapper\" style=\"max-width: 100%;\"><div class=\"tmb tmb-light  tmb-media-first tmb-media-last tmb-content-overlay tmb-no-bg\"><div class=\"t-inside\"><div class=\"t-entry-visual\"><div class=\"t-entry-visual-tc\"><div class=\"uncode-single-media-wrapper\"><img alt=\"\" decoding=\"async\" class=\"wp-image-130709\" src=\"https:\/\/lafloret.studio\/wp-content\/uploads\/2024\/06\/Strasbourg_photographer_06-scaled.jpg\" width=\"1707\" height=\"2560\" srcset=\"https:\/\/lafloret.studio\/wp-content\/uploads\/2024\/06\/Strasbourg_photographer_06-scaled.jpg 1707w, https:\/\/lafloret.studio\/wp-content\/uploads\/2024\/06\/Strasbourg_photographer_06-200x300.jpg 200w, https:\/\/lafloret.studio\/wp-content\/uploads\/2024\/06\/Strasbourg_photographer_06-683x1024.jpg 683w, https:\/\/lafloret.studio\/wp-content\/uploads\/2024\/06\/Strasbourg_photographer_06-768x1152.jpg 768w, https:\/\/lafloret.studio\/wp-content\/uploads\/2024\/06\/Strasbourg_photographer_06-1024x1536.jpg 1024w, https:\/\/lafloret.studio\/wp-content\/uploads\/2024\/06\/Strasbourg_photographer_06-1365x2048.jpg 1365w, https:\/\/lafloret.studio\/wp-content\/uploads\/2024\/06\/Strasbourg_photographer_06-350x525.jpg 350w, https:\/\/lafloret.studio\/wp-content\/uploads\/2024\/06\/Strasbourg_photographer_06-scaled-uai-720x1080.jpg 720w, https:\/\/lafloret.studio\/wp-content\/uploads\/2024\/06\/Strasbourg_photographer_06-scaled-uai-1032x1548.jpg 1032w\" sizes=\"(max-width: 1707px) 100vw, 1707px\" \/><\/div>\n\t\t\t\t\t<\/div>\n\t\t\t\t<\/div><\/div><\/div><\/div><\/div><\/div><\/div><\/div><\/div><\/div><\/div><\/div><\/div><\/div><\/div><\/div><\/div><\/div><script id=\"script-row-unique-0\" data-row=\"script-row-unique-0\" type=\"text\/javascript\" class=\"vc_controls\">UNCODE.initRow(document.getElementById(\"row-unique-0\"));<\/script><\/div><\/div><\/div><div data-parent=\"true\" class=\"vc_row row-container\" id=\"row-unique-1\"><div class=\"row full-width row-parent\"><div class=\"wpb_row row-inner\"><div class=\"wpb_column pos-middle pos-center align_left column_parent col-lg-4 single-internal-gutter\"><div class=\"uncol style-light\"  ><div class=\"uncoltable\"><div class=\"uncell no-block-padding\" ><div class=\"uncont\"><div class=\"uncode-single-media  text-left\"><div class=\"single-wrapper\" style=\"max-width: 100%;\"><div class=\"tmb tmb-light  tmb-media-first tmb-media-last tmb-content-overlay tmb-no-bg\"><div class=\"t-inside\"><div class=\"t-entry-visual\"><div class=\"t-entry-visual-tc\"><div class=\"uncode-single-media-wrapper\"><img alt=\"\" decoding=\"async\" class=\"wp-image-130660\" src=\"https:\/\/lafloret.studio\/wp-content\/uploads\/2024\/05\/Photographe_Grosesse_Strasbourg.jpg\" width=\"1500\" height=\"2250\" srcset=\"https:\/\/lafloret.studio\/wp-content\/uploads\/2024\/05\/Photographe_Grosesse_Strasbourg.jpg 1500w, https:\/\/lafloret.studio\/wp-content\/uploads\/2024\/05\/Photographe_Grosesse_Strasbourg-200x300.jpg 200w, https:\/\/lafloret.studio\/wp-content\/uploads\/2024\/05\/Photographe_Grosesse_Strasbourg-683x1024.jpg 683w, https:\/\/lafloret.studio\/wp-content\/uploads\/2024\/05\/Photographe_Grosesse_Strasbourg-768x1152.jpg 768w, https:\/\/lafloret.studio\/wp-content\/uploads\/2024\/05\/Photographe_Grosesse_Strasbourg-1024x1536.jpg 1024w, https:\/\/lafloret.studio\/wp-content\/uploads\/2024\/05\/Photographe_Grosesse_Strasbourg-1365x2048.jpg 1365w, https:\/\/lafloret.studio\/wp-content\/uploads\/2024\/05\/Photographe_Grosesse_Strasbourg-350x525.jpg 350w, https:\/\/lafloret.studio\/wp-content\/uploads\/2024\/05\/Photographe_Grosesse_Strasbourg-uai-720x1080.jpg 720w, https:\/\/lafloret.studio\/wp-content\/uploads\/2024\/05\/Photographe_Grosesse_Strasbourg-uai-1032x1548.jpg 1032w\" sizes=\"(max-width: 1500px) 100vw, 1500px\" \/><\/div>\n\t\t\t\t\t<\/div>\n\t\t\t\t<\/div><\/div><\/div><\/div><\/div><\/div><\/div><\/div><\/div><\/div><div class=\"wpb_column pos-middle pos-center align_left column_parent col-lg-8 single-internal-gutter\"><div class=\"uncol style-light\"  ><div class=\"uncoltable\"><div class=\"uncell no-block-padding\" ><div class=\"uncont\" style=\"max-width:80%;\"><div class=\"vc_custom_heading_wrap\"><div class=\"heading-text el-text\" ><h3 class=\"font-870168 h1\" ><span>Mon histoire<!-- notionvc: a8a2d5a6-d4f9-445c-b7d7-e8d31adc8222 --><\/span><\/h3><\/div><div class=\"clear\"><\/div><\/div><div class=\"uncode_text_column text-lead\" ><p>Revenons au d\u00e9but \u2013 2020, une ann\u00e9e de changement pour beaucoup, moi y compris.<\/p>\n<p>En r\u00e9fl\u00e9chissant \u00e0 mon parcours vers la maternit\u00e9 pendant une pand\u00e9mie, j'ai d\u00e9couvert des r\u00e9servoirs de force que je ne savais pas avoir.<\/p>\n<p>De l'incertitude de la grossesse \u00e0 l'intensit\u00e9 de l'accouchement, chaque moment m'a appris la r\u00e9silience et l'adaptation.<\/p>\n<p>C'est pendant ces temps surr\u00e9alistes, en qu\u00eate d'un rappel tangible d'espoir et de beaut\u00e9, que je me suis retrouv\u00e9e \u00e0 improviser une s\u00e9ance photo dans mon salon.<\/p>\n<p>Peu savais-je que cet acte spontan\u00e9 allait donner naissance \u00e0 lafloret.studio des ann\u00e9es plus tard. C'est un t\u00e9moignage de la puissance de la cr\u00e9ativit\u00e9, de la d\u00e9termination, et du parcours transformateur de la maternit\u00e9.<\/p>\n<p>Alors, bienvenue dans un lieu o\u00f9 nous c\u00e9l\u00e9brons la beaut\u00e9 de la maternit\u00e9 et la force de l'entrepreneuriat f\u00e9minin, en pr\u00e9servant ces chapitres sp\u00e9ciaux de nos vies ensemble.<\/p>\n<p>J'esp\u00e8re vous rencontrer bient\u00f4t \u00e0 lafloret.studio.<\/p>\n<p>Fl\u00f3ra<br \/>\nFl\u00f3ra<\/p>\n<!-- notionvc: 238f4f35-f7f5-4d4a-9b45-b3656abc854f -->\n<\/div><\/div><\/div><\/div><\/div><\/div><script id=\"script-row-unique-1\" data-row=\"script-row-unique-1\" type=\"text\/javascript\" class=\"vc_controls\">UNCODE.initRow(document.getElementById(\"row-unique-1\"));<\/script><\/div><\/div><\/div><div data-parent=\"true\" class=\"vc_row row-container\" id=\"row-unique-2\"><div class=\"row-background background-element\">\n\t\t\t\t\t\t\t\t\t\t\t<div class=\"background-wrapper\">\n\t\t\t\t\t\t\t\t\t\t\t\t<div class=\"background-inner\" style=\"background-image: url(https:\/\/lafloret.studio\/wp-content\/uploads\/2024\/06\/strasbourg-photo-studio_01.jpg);background-repeat: no-repeat;background-position: left center;background-attachment: fixed;background-size: cover;\"><\/div>\n\t\t\t\t\t\t\t\t\t\t\t\t\n\t\t\t\t\t\t\t\t\t\t\t<\/div>\n\t\t\t\t\t\t\t\t\t\t<\/div><div class=\"row full-width row-parent\" data-height-ratio=\"56\"><div class=\"wpb_row row-inner\"><div class=\"wpb_column pos-middle pos-left align_left column_parent col-lg-12 single-internal-gutter\"><div class=\"uncol style-light\"  ><div class=\"uncoltable\"><div class=\"uncell no-block-padding\" ><div class=\"uncont\"><div class=\"vc_custom_heading_wrap\"><div class=\"heading-text el-text\" ><h2 class=\"font-555555 h3 text-color-103188-color\" ><span>MON STUDIO<\/span><\/h2><\/div><div class=\"clear\"><\/div><\/div><div class=\"vc_custom_heading_wrap\"><div class=\"heading-text el-text\" ><h2 class=\"font-870168 h1 text-color-103188-color\" ><span>Rempli de bonnes vibes et de style minimaliste<\/span><\/h2><\/div><div class=\"clear\"><\/div><\/div><\/div><\/div><\/div><\/div><\/div><script id=\"script-row-unique-2\" data-row=\"script-row-unique-2\" type=\"text\/javascript\" class=\"vc_controls\">UNCODE.initRow(document.getElementById(\"row-unique-2\"));<\/script><\/div><\/div><\/div><div data-parent=\"true\" class=\"vc_row row-container\" id=\"row-unique-3\"><div class=\"row unequal penta-top-padding penta-bottom-padding single-h-padding limit-width row-parent\"><div class=\"wpb_row row-inner\"><div class=\"wpb_column pos-middle pos-center align_left column_parent col-lg-6 single-internal-gutter\"><div class=\"uncol style-light\"  ><div class=\"uncoltable\"><div class=\"uncell no-block-padding\" ><div class=\"uncont\"><div class=\"vc_row row-internal row-container\"><div class=\"row col-half-gutter row-child\"><div class=\"wpb_row row-inner\"><div class=\"wpb_column pos-top pos-center align_left column_child col-lg-6 col-md-50 col-sm-50 single-internal-gutter\"><div class=\"uncol style-light shift_y_neg_single shift_y_fixed\" ><div class=\"uncoltable\"><div class=\"uncell no-block-padding\" ><div class=\"uncont\"><div class=\"uncode-single-media  text-left\"><div class=\"single-wrapper\" style=\"max-width: 100%;\"><div class=\"tmb tmb-light  tmb-media-first tmb-media-last tmb-content-overlay tmb-no-bg\"><div class=\"t-inside\"><div class=\"t-entry-visual\"><div class=\"t-entry-visual-tc\"><div class=\"uncode-single-media-wrapper\"><img alt=\"\" decoding=\"async\" class=\"wp-image-130823\" src=\"https:\/\/lafloret.studio\/wp-content\/uploads\/2024\/06\/Strasbourg_photo_studio_45.jpg\" width=\"2000\" height=\"2500\" srcset=\"https:\/\/lafloret.studio\/wp-content\/uploads\/2024\/06\/Strasbourg_photo_studio_45.jpg 2000w, https:\/\/lafloret.studio\/wp-content\/uploads\/2024\/06\/Strasbourg_photo_studio_45-240x300.jpg 240w, https:\/\/lafloret.studio\/wp-content\/uploads\/2024\/06\/Strasbourg_photo_studio_45-819x1024.jpg 819w, https:\/\/lafloret.studio\/wp-content\/uploads\/2024\/06\/Strasbourg_photo_studio_45-768x960.jpg 768w, https:\/\/lafloret.studio\/wp-content\/uploads\/2024\/06\/Strasbourg_photo_studio_45-1229x1536.jpg 1229w, https:\/\/lafloret.studio\/wp-content\/uploads\/2024\/06\/Strasbourg_photo_studio_45-1638x2048.jpg 1638w, https:\/\/lafloret.studio\/wp-content\/uploads\/2024\/06\/Strasbourg_photo_studio_45-350x438.jpg 350w, https:\/\/lafloret.studio\/wp-content\/uploads\/2024\/06\/Strasbourg_photo_studio_45-uai-720x900.jpg 720w, https:\/\/lafloret.studio\/wp-content\/uploads\/2024\/06\/Strasbourg_photo_studio_45-uai-1032x1290.jpg 1032w\" sizes=\"(max-width: 2000px) 100vw, 2000px\" \/><\/div>\n\t\t\t\t\t<\/div>\n\t\t\t\t<\/div><\/div><\/div><\/div><\/div><\/div><\/div><\/div><\/div><\/div><div class=\"wpb_column pos-top pos-center align_left column_child col-lg-6 col-md-50 col-sm-50 single-internal-gutter shift-col-wa\"><div class=\"uncol style-light shift_y_down_neg_single shift_y_fixed\" ><div class=\"uncoltable\"><div class=\"uncell no-block-padding\" ><div class=\"uncont\"><div class=\"uncode-single-media  text-left\"><div class=\"single-wrapper\" style=\"max-width: 100%;\"><div class=\"tmb tmb-light  tmb-media-first tmb-media-last tmb-content-overlay tmb-no-bg\"><div class=\"t-inside\"><div class=\"t-entry-visual\"><div class=\"t-entry-visual-tc\"><div class=\"uncode-single-media-wrapper\"><img alt=\"\" decoding=\"async\" class=\"wp-image-130807\" src=\"https:\/\/lafloret.studio\/wp-content\/uploads\/2024\/06\/Stratsbourg_photo_studio.jpg\" width=\"2000\" height=\"2500\" srcset=\"https:\/\/lafloret.studio\/wp-content\/uploads\/2024\/06\/Stratsbourg_photo_studio.jpg 2000w, https:\/\/lafloret.studio\/wp-content\/uploads\/2024\/06\/Stratsbourg_photo_studio-240x300.jpg 240w, https:\/\/lafloret.studio\/wp-content\/uploads\/2024\/06\/Stratsbourg_photo_studio-819x1024.jpg 819w, https:\/\/lafloret.studio\/wp-content\/uploads\/2024\/06\/Stratsbourg_photo_studio-768x960.jpg 768w, https:\/\/lafloret.studio\/wp-content\/uploads\/2024\/06\/Stratsbourg_photo_studio-1229x1536.jpg 1229w, https:\/\/lafloret.studio\/wp-content\/uploads\/2024\/06\/Stratsbourg_photo_studio-1638x2048.jpg 1638w, https:\/\/lafloret.studio\/wp-content\/uploads\/2024\/06\/Stratsbourg_photo_studio-350x438.jpg 350w, https:\/\/lafloret.studio\/wp-content\/uploads\/2024\/06\/Stratsbourg_photo_studio-uai-720x900.jpg 720w, https:\/\/lafloret.studio\/wp-content\/uploads\/2024\/06\/Stratsbourg_photo_studio-uai-1032x1290.jpg 1032w\" sizes=\"(max-width: 2000px) 100vw, 2000px\" \/><\/div>\n\t\t\t\t\t<\/div>\n\t\t\t\t<\/div><\/div><\/div><\/div><\/div><\/div><\/div><\/div><\/div><\/div><\/div><\/div><\/div><\/div><\/div><\/div><\/div><\/div><div class=\"wpb_column pos-middle pos-center align_left column_parent col-lg-6 single-internal-gutter\"><div class=\"uncol style-light\"  ><div class=\"uncoltable\"><div class=\"uncell no-block-padding\" ><div class=\"uncont\"><div class=\"vc_custom_heading_wrap\"><div class=\"heading-text el-text\" ><h3 class=\"font-870168 h1\" ><span>Mon approche de la photographie ? <!-- notionvc: d69b81ee-85c4-478e-8552-4b30971c8f1d --><\/span><\/h3><\/div><div class=\"clear\"><\/div><\/div><div class=\"uncode_text_column text-lead\" ><p>Il s'agit de chaleur, de connexion et de r\u00e9alit\u00e9. Je garde les choses terre \u00e0 terre et amusantes, pour que les gens se sentent d\u00e9tendus d\u00e8s le d\u00e9part.<\/p>\n<p>Pas de pr\u00e9cipitation, juste des moments authentiques.<\/p>\n<p><em>Je peux r\u00e9aliser votre s\u00e9ance photo en anglais, allemand, fran\u00e7ais ou hongrois - il suffit de choisir votre langue pr\u00e9f\u00e9r\u00e9e !<\/em><br \/>\n<!-- notionvc: 752ae69f-91a9-45bc-b0da-00f9128b3770 --><\/p>\n<\/div><span class=\"btn-container\" ><a href=\"https:\/\/lafloret.studio\/fr\/strasbourg-photographer-services\/\" class=\"custom-link btn border-width-0 btn-accent btn-icon-left\" title=\"Prestations\">Plus d'informations sur mon travail<\/a><\/span><\/div><\/div><\/div><\/div><\/div><script id=\"script-row-unique-3\" data-row=\"script-row-unique-3\" type=\"text\/javascript\" class=\"vc_controls\">UNCODE.initRow(document.getElementById(\"row-unique-3\"));<\/script><\/div><\/div><\/div>\n<\/div>","protected":false},"excerpt":{"rendered":"Hey there, beautiful souls...Let&#8217;s jump right in: I&#8217;m thrilled you&#8217;re here. Capturing those tender moments that define womanhood is truly [...]","protected":false},"author":1,"featured_media":0,"parent":0,"menu_order":0,"comment_status":"closed","ping_status":"closed","template":"","meta":{"_seopress_robots_primary_cat":"0","_seopress_titles_title":"","_seopress_titles_desc":"","_seopress_robots_index":"","footnotes":""},"class_list":["post-130736","page","type-page","status-publish","hentry"],"_links":{"self":[{"href":"https:\/\/lafloret.studio\/fr\/wp-json\/wp\/v2\/pages\/130736","targetHints":{"allow":["GET"]}}],"collection":[{"href":"https:\/\/lafloret.studio\/fr\/wp-json\/wp\/v2\/pages"}],"about":[{"href":"https:\/\/lafloret.studio\/fr\/wp-json\/wp\/v2\/types\/page"}],"author":[{"embeddable":true,"href":"https:\/\/lafloret.studio\/fr\/wp-json\/wp\/v2\/users\/1"}],"replies":[{"embeddable":true,"href":"https:\/\/lafloret.studio\/fr\/wp-json\/wp\/v2\/comments?post=130736"}],"version-history":[{"count":20,"href":"https:\/\/lafloret.studio\/fr\/wp-json\/wp\/v2\/pages\/130736\/revisions"}],"predecessor-version":[{"id":131049,"href":"https:\/\/lafloret.studio\/fr\/wp-json\/wp\/v2\/pages\/130736\/revisions\/131049"}],"wp:attachment":[{"href":"https:\/\/lafloret.studio\/fr\/wp-json\/wp\/v2\/media?parent=130736"}],"curies":[{"name":"wp","href":"https:\/\/api.w.org\/{rel}","templated":true}]}}