{"id":130738,"date":"2024-06-06T13:16:15","date_gmt":"2024-06-06T13:16:15","guid":{"rendered":"https:\/\/lafloret.studio\/?page_id=130738"},"modified":"2025-12-17T11:37:29","modified_gmt":"2025-12-17T11:37:29","slug":"strasbourg-photographer-services","status":"publish","type":"page","link":"https:\/\/lafloret.studio\/fr\/strasbourg-photographer-services\/","title":{"rendered":"Prestations"},"content":{"rendered":"<div class=\"wpb-content-wrapper\"><div data-parent=\"true\" class=\"vc_row inverted-device-order style-color-103188-bg row-container\" id=\"row-unique-0\"><div class=\"row col-double-gutter quad-top-padding single-bottom-padding single-h-padding limit-width row-parent\" data-height-ratio=\"50\"><div class=\"wpb_row row-inner\"><div class=\"wpb_column pos-middle pos-center align_left column_parent col-lg-6 single-internal-gutter\"><div class=\"uncol style-light\"  ><div class=\"uncoltable\"><div class=\"uncell no-block-padding\" ><div class=\"uncont\" style=\"max-width:900px;\"><div class=\"vc_custom_heading_wrap\"><div class=\"heading-text el-text\" ><h3 class=\"font-870168 h1 text-color-191628-color\" ><span>Photographie de Grossesse<\/span><\/h3><\/div><div class=\"clear\"><\/div><\/div><div class=\"uncode_text_column text-lead\" ><p>Dur\u00e9e : 45 minutes<\/p>\n<p>250 EUR &#8211; 20 digital photos<\/p>\n<p>Jusqu'\u00e0 3 changements de tenue<\/p>\n<\/div><\/div><\/div><\/div><\/div><\/div><div class=\"wpb_column pos-top pos-center align_left column_parent col-lg-6 single-internal-gutter\"><div class=\"uncol style-light\"  ><div class=\"uncoltable\"><div class=\"uncell no-block-padding\" ><div class=\"uncont\"><div class=\"uncode-single-media  text-left\"><div class=\"single-wrapper\" style=\"max-width: 100%;\"><div class=\"tmb tmb-light  tmb-media-first tmb-media-last tmb-content-overlay tmb-no-bg\"><div class=\"t-inside\"><div class=\"t-entry-visual\"><div class=\"t-entry-visual-tc\"><div class=\"uncode-single-media-wrapper\"><img alt=\"\" decoding=\"async\" class=\"wp-image-130669\" src=\"https:\/\/lafloret.studio\/wp-content\/uploads\/2024\/05\/Photograph_Strasbourg_Grossesse__13.jpg\" width=\"1333\" height=\"2000\" srcset=\"https:\/\/lafloret.studio\/wp-content\/uploads\/2024\/05\/Photograph_Strasbourg_Grossesse__13.jpg 1333w, https:\/\/lafloret.studio\/wp-content\/uploads\/2024\/05\/Photograph_Strasbourg_Grossesse__13-200x300.jpg 200w, https:\/\/lafloret.studio\/wp-content\/uploads\/2024\/05\/Photograph_Strasbourg_Grossesse__13-682x1024.jpg 682w, https:\/\/lafloret.studio\/wp-content\/uploads\/2024\/05\/Photograph_Strasbourg_Grossesse__13-768x1152.jpg 768w, https:\/\/lafloret.studio\/wp-content\/uploads\/2024\/05\/Photograph_Strasbourg_Grossesse__13-1024x1536.jpg 1024w, https:\/\/lafloret.studio\/wp-content\/uploads\/2024\/05\/Photograph_Strasbourg_Grossesse__13-350x525.jpg 350w, https:\/\/lafloret.studio\/wp-content\/uploads\/2024\/05\/Photograph_Strasbourg_Grossesse__13-uai-720x1080.jpg 720w, https:\/\/lafloret.studio\/wp-content\/uploads\/2024\/05\/Photograph_Strasbourg_Grossesse__13-uai-1032x1548.jpg 1032w\" sizes=\"(max-width: 1333px) 100vw, 1333px\" \/><\/div>\n\t\t\t\t\t<\/div>\n\t\t\t\t<\/div><\/div><\/div><\/div><\/div><\/div><\/div><\/div><\/div><\/div><script id=\"script-row-unique-0\" data-row=\"script-row-unique-0\" type=\"text\/javascript\" class=\"vc_controls\">UNCODE.initRow(document.getElementById(\"row-unique-0\"));<\/script><\/div><\/div><\/div><div data-parent=\"true\" class=\"vc_row style-color-103188-bg row-container\" id=\"row-unique-1\"><div class=\"row col-double-gutter single-top-padding quad-bottom-padding single-h-padding limit-width row-parent\" data-height-ratio=\"50\"><div class=\"wpb_row row-inner\"><div class=\"wpb_column pos-top pos-center align_left column_parent col-lg-6 single-internal-gutter\"><div class=\"uncol style-light\"  ><div class=\"uncoltable\"><div class=\"uncell no-block-padding\" ><div class=\"uncont\"><div class=\"uncode-single-media  text-left\"><div class=\"single-wrapper\" style=\"max-width: 100%;\"><div class=\"tmb tmb-light  tmb-media-first tmb-media-last tmb-content-overlay tmb-no-bg\"><div class=\"t-inside\"><div class=\"t-entry-visual\"><div class=\"t-entry-visual-tc\"><div class=\"uncode-single-media-wrapper\"><img alt=\"\" decoding=\"async\" class=\"wp-image-130893\" src=\"https:\/\/lafloret.studio\/wp-content\/uploads\/2024\/06\/grossesse-photogrape-studio-strasbourg06.jpg\" width=\"1333\" height=\"2000\" srcset=\"https:\/\/lafloret.studio\/wp-content\/uploads\/2024\/06\/grossesse-photogrape-studio-strasbourg06.jpg 1333w, https:\/\/lafloret.studio\/wp-content\/uploads\/2024\/06\/grossesse-photogrape-studio-strasbourg06-200x300.jpg 200w, https:\/\/lafloret.studio\/wp-content\/uploads\/2024\/06\/grossesse-photogrape-studio-strasbourg06-682x1024.jpg 682w, https:\/\/lafloret.studio\/wp-content\/uploads\/2024\/06\/grossesse-photogrape-studio-strasbourg06-768x1152.jpg 768w, https:\/\/lafloret.studio\/wp-content\/uploads\/2024\/06\/grossesse-photogrape-studio-strasbourg06-1024x1536.jpg 1024w, https:\/\/lafloret.studio\/wp-content\/uploads\/2024\/06\/grossesse-photogrape-studio-strasbourg06-350x525.jpg 350w, https:\/\/lafloret.studio\/wp-content\/uploads\/2024\/06\/grossesse-photogrape-studio-strasbourg06-uai-720x1080.jpg 720w, https:\/\/lafloret.studio\/wp-content\/uploads\/2024\/06\/grossesse-photogrape-studio-strasbourg06-uai-1032x1548.jpg 1032w\" sizes=\"(max-width: 1333px) 100vw, 1333px\" \/><\/div>\n\t\t\t\t\t<\/div>\n\t\t\t\t<\/div><\/div><\/div><\/div><\/div><\/div><\/div><\/div><\/div><\/div><div class=\"wpb_column pos-middle pos-center align_left column_parent col-lg-6 single-internal-gutter\"><div class=\"uncol style-light\"  ><div class=\"uncoltable\"><div class=\"uncell no-block-padding\" ><div class=\"uncont\" style=\"max-width:900px;\"><div class=\"uncode_text_column text-lead\" ><p>Votre parcours n'est rien de moins qu'incroyable, et il m\u00e9rite d'\u00eatre document\u00e9. Capturons ensemble la beaut\u00e9 de ce chapitre de votre vie !<\/p>\n<p>Dans cette s\u00e9ance de 45 minutes, il s'agit de c\u00e9l\u00e9brer vous et le miracle que vous portez. Croyez-moi, les images que nous cr\u00e9erons seront des rappels pr\u00e9cieux de votre incroyable force et beaut\u00e9. Vous recevrez 50 images \u00e0 choisir.<\/p>\n<p>Pendant cette s\u00e9ance photo de maternit\u00e9, il s'agit de c\u00e9l\u00e9brer votre personnalit\u00e9 unique et le miracle que vous portez.<\/p>\n<!-- notionvc: 4d30b437-bf2d-40ca-8558-e80986e0ff2a -->\n<\/div><span class=\"btn-container\" ><a href=\"https:\/\/lafloret.studio\/fr\/contact\/\" class=\"custom-link btn border-width-0 btn-color-191628 btn-icon-left\" title=\"Contact\">R\u00e9servez votre s\u00e9ance<\/a><\/span><\/div><\/div><\/div><\/div><\/div><script id=\"script-row-unique-1\" data-row=\"script-row-unique-1\" type=\"text\/javascript\" class=\"vc_controls\">UNCODE.initRow(document.getElementById(\"row-unique-1\"));<\/script><\/div><\/div><\/div><div data-parent=\"true\" class=\"vc_row inverted-device-order style-color-177713-bg row-container\" id=\"row-unique-2\"><div class=\"row col-double-gutter quad-top-padding single-bottom-padding single-h-padding limit-width row-parent\" data-height-ratio=\"50\"><div class=\"wpb_row row-inner\"><div class=\"wpb_column pos-middle pos-center align_left column_parent col-lg-6 single-internal-gutter\"><div class=\"uncol style-light\"  ><div class=\"uncoltable\"><div class=\"uncell no-block-padding\" ><div class=\"uncont\" style=\"max-width:900px;\"><div class=\"vc_custom_heading_wrap\"><div class=\"heading-text el-text\" ><h3 class=\"font-870168 h1 text-color-191628-color\" ><span>S\u00e9ance en famille<\/span><\/h3><\/div><div class=\"clear\"><\/div><\/div><div class=\"uncode_text_column text-lead\" ><p>Dur\u00e9e : 45 minutes<br \/>\n250 EUR &#8211; 20 digital photos<\/p>\n<p><strong>Types de s\u00e9ances disponibles :<\/strong><\/p>\n<p>\u2013 Photographie Maman &amp; Moi<br \/>\n\u2013 S\u00e9ance photo Nouveau-n\u00e9<br \/>\n\u2013 Photographie de famille<\/p>\n<!-- notionvc: 46c6db67-a3ce-47b1-9393-e7e5dbb8d0da -->\n<\/div><\/div><\/div><\/div><\/div><\/div><div class=\"wpb_column pos-top pos-center align_left column_parent col-lg-6 single-internal-gutter\"><div class=\"uncol style-light\"  ><div class=\"uncoltable\"><div class=\"uncell no-block-padding\" ><div class=\"uncont\"><div class=\"uncode-single-media  text-left\"><div class=\"single-wrapper\" style=\"max-width: 100%;\"><div class=\"tmb tmb-light  tmb-media-first tmb-media-last tmb-content-overlay tmb-no-bg\"><div class=\"t-inside\"><div class=\"t-entry-visual\"><div class=\"t-entry-visual-tc\"><div class=\"uncode-single-media-wrapper\"><img alt=\"\" decoding=\"async\" class=\"wp-image-130790\" src=\"https:\/\/lafloret.studio\/wp-content\/uploads\/2024\/06\/Famille_photo_strasbourg.jpg\" width=\"1333\" height=\"2000\" srcset=\"https:\/\/lafloret.studio\/wp-content\/uploads\/2024\/06\/Famille_photo_strasbourg.jpg 1333w, https:\/\/lafloret.studio\/wp-content\/uploads\/2024\/06\/Famille_photo_strasbourg-200x300.jpg 200w, https:\/\/lafloret.studio\/wp-content\/uploads\/2024\/06\/Famille_photo_strasbourg-682x1024.jpg 682w, https:\/\/lafloret.studio\/wp-content\/uploads\/2024\/06\/Famille_photo_strasbourg-768x1152.jpg 768w, https:\/\/lafloret.studio\/wp-content\/uploads\/2024\/06\/Famille_photo_strasbourg-1024x1536.jpg 1024w, https:\/\/lafloret.studio\/wp-content\/uploads\/2024\/06\/Famille_photo_strasbourg-350x525.jpg 350w, https:\/\/lafloret.studio\/wp-content\/uploads\/2024\/06\/Famille_photo_strasbourg-uai-720x1080.jpg 720w, https:\/\/lafloret.studio\/wp-content\/uploads\/2024\/06\/Famille_photo_strasbourg-uai-1032x1548.jpg 1032w\" sizes=\"(max-width: 1333px) 100vw, 1333px\" \/><\/div>\n\t\t\t\t\t<\/div>\n\t\t\t\t<\/div><\/div><\/div><\/div><\/div><\/div><\/div><\/div><\/div><\/div><script id=\"script-row-unique-2\" data-row=\"script-row-unique-2\" type=\"text\/javascript\" class=\"vc_controls\">UNCODE.initRow(document.getElementById(\"row-unique-2\"));<\/script><\/div><\/div><\/div><div data-parent=\"true\" class=\"vc_row style-color-177713-bg row-container\" id=\"row-unique-3\"><div class=\"row col-double-gutter single-top-padding quad-bottom-padding single-h-padding limit-width row-parent\" data-height-ratio=\"50\"><div class=\"wpb_row row-inner\"><div class=\"wpb_column pos-top pos-center align_left column_parent col-lg-6 single-internal-gutter\"><div class=\"uncol style-light\"  ><div class=\"uncoltable\"><div class=\"uncell no-block-padding\" ><div class=\"uncont\"><div class=\"uncode-single-media  text-left\"><div class=\"single-wrapper\" style=\"max-width: 100%;\"><div class=\"tmb tmb-light  tmb-media-first tmb-media-last tmb-content-overlay tmb-no-bg\"><div class=\"t-inside\"><div class=\"t-entry-visual\"><div class=\"t-entry-visual-tc\"><div class=\"uncode-single-media-wrapper\"><img alt=\"\" decoding=\"async\" class=\"wp-image-131037\" src=\"https:\/\/lafloret.studio\/wp-content\/uploads\/2024\/06\/Strasbourg_enfant_photographe-scaled-1.jpg\" width=\"1707\" height=\"2560\" srcset=\"https:\/\/lafloret.studio\/wp-content\/uploads\/2024\/06\/Strasbourg_enfant_photographe-scaled-1.jpg 1707w, https:\/\/lafloret.studio\/wp-content\/uploads\/2024\/06\/Strasbourg_enfant_photographe-scaled-1-200x300.jpg 200w, https:\/\/lafloret.studio\/wp-content\/uploads\/2024\/06\/Strasbourg_enfant_photographe-scaled-1-683x1024.jpg 683w, https:\/\/lafloret.studio\/wp-content\/uploads\/2024\/06\/Strasbourg_enfant_photographe-scaled-1-768x1152.jpg 768w, https:\/\/lafloret.studio\/wp-content\/uploads\/2024\/06\/Strasbourg_enfant_photographe-scaled-1-1024x1536.jpg 1024w, https:\/\/lafloret.studio\/wp-content\/uploads\/2024\/06\/Strasbourg_enfant_photographe-scaled-1-1366x2048.jpg 1366w, https:\/\/lafloret.studio\/wp-content\/uploads\/2024\/06\/Strasbourg_enfant_photographe-scaled-1-350x525.jpg 350w, https:\/\/lafloret.studio\/wp-content\/uploads\/2024\/06\/Strasbourg_enfant_photographe-scaled-1-uai-720x1080.jpg 720w, https:\/\/lafloret.studio\/wp-content\/uploads\/2024\/06\/Strasbourg_enfant_photographe-scaled-1-uai-1032x1548.jpg 1032w\" sizes=\"(max-width: 1707px) 100vw, 1707px\" \/><\/div>\n\t\t\t\t\t<\/div>\n\t\t\t\t<\/div><\/div><\/div><\/div><\/div><\/div><\/div><\/div><\/div><\/div><div class=\"wpb_column pos-middle pos-center align_left column_parent col-lg-6 single-internal-gutter\"><div class=\"uncol style-light\"  ><div class=\"uncoltable\"><div class=\"uncell no-block-padding\" ><div class=\"uncont\" style=\"max-width:900px;\"><div class=\"uncode_text_column text-lead\" ><p>Que vous c\u00e2liniez un nouveau-n\u00e9 ou que vous partagiez des rires avec vos grands enfants, cette s\u00e9ance c\u00e9l\u00e8bre le pr\u00e9cieux lien entre vous et votre petit. N'h\u00e9sitez pas \u00e0 amener grand-m\u00e8re ou papa \u2013 c'est vous qui d\u00e9cidez.<\/p>\n<p>En seulement 45 minutes, nous capturerons ces doux moments spontan\u00e9s que vous ch\u00e9rirez pour toujours.<\/p>\n<p>Vous recevrez 50 magnifiques photos \u00e0 choisir.<\/p>\n<p>Votre relation avec votre enfant est pure magie et m\u00e9rite d'\u00eatre document\u00e9e.<\/p>\n<p>Pr\u00e9parez-vous pour des rires, des c\u00e2lins, et des moments de joie inoubliables !<\/p>\n<!-- notionvc: c9b49ecf-81e0-451d-8e3c-71619d5694db -->\n<\/div><span class=\"btn-container\" ><a href=\"https:\/\/lafloret.studio\/fr\/contact\/\" class=\"custom-link btn border-width-0 btn-color-191628 btn-icon-left\" title=\"Contact\">R\u00e9servez votre s\u00e9ance<\/a><\/span><\/div><\/div><\/div><\/div><\/div><script id=\"script-row-unique-3\" data-row=\"script-row-unique-3\" type=\"text\/javascript\" class=\"vc_controls\">UNCODE.initRow(document.getElementById(\"row-unique-3\"));<\/script><\/div><\/div><\/div><div data-parent=\"true\" class=\"vc_row inverted-device-order style-color-103188-bg row-container\" id=\"row-unique-4\"><div class=\"row col-double-gutter quad-top-padding single-bottom-padding single-h-padding limit-width row-parent\" data-height-ratio=\"50\"><div class=\"wpb_row row-inner\"><div class=\"wpb_column pos-middle pos-center align_left column_parent col-lg-6 single-internal-gutter\"><div class=\"uncol style-light\"  ><div class=\"uncoltable\"><div class=\"uncell no-block-padding\" ><div class=\"uncont\" style=\"max-width:900px;\"><div class=\"vc_custom_heading_wrap\"><div class=\"heading-text el-text\" ><h3 class=\"font-870168 h1 text-color-191628-color\" ><span>Personal Branding<\/span><\/h3><\/div><div class=\"clear\"><\/div><\/div><div class=\"uncode_text_column text-lead text-color-191628-color\" ><p>\u00c0 partir de 400 EUR<\/p>\n<p>Votre parcours est unique, et votre marque doit le refl\u00e9ter. Dans mon studio photo bas\u00e9 \u00e0 Strasbourg, je me sp\u00e9cialise dans les s\u00e9ances de branding personnalis\u00e9es con\u00e7ues pour mettre en valeur votre histoire.<\/p>\n<p>Que vous soyez un entrepreneur en herbe ou \u00e9tabli, je concevrai une s\u00e9ance qui s'aligne sur votre vision.<\/p>\n<!-- notionvc: 83ed62e3-5bf2-4b81-8585-062cee03bb75 -->\n<\/div><\/div><\/div><\/div><\/div><\/div><div class=\"wpb_column pos-top pos-center align_left column_parent col-lg-6 single-internal-gutter\"><div class=\"uncol style-light\"  ><div class=\"uncoltable\"><div class=\"uncell no-block-padding\" ><div class=\"uncont\"><div class=\"uncode-single-media  text-left\"><div class=\"single-wrapper\" style=\"max-width: 100%;\"><div class=\"tmb tmb-light  tmb-media-first tmb-media-last tmb-content-overlay tmb-no-bg\"><div class=\"t-inside\"><div class=\"t-entry-visual\"><div class=\"t-entry-visual-tc\"><div class=\"uncode-single-media-wrapper\"><img alt=\"\" decoding=\"async\" class=\"wp-image-130800\" src=\"https:\/\/lafloret.studio\/wp-content\/uploads\/2024\/06\/personal-branding-photographe_Strasbourg.jpg\" width=\"1333\" height=\"2000\" srcset=\"https:\/\/lafloret.studio\/wp-content\/uploads\/2024\/06\/personal-branding-photographe_Strasbourg.jpg 1333w, https:\/\/lafloret.studio\/wp-content\/uploads\/2024\/06\/personal-branding-photographe_Strasbourg-200x300.jpg 200w, https:\/\/lafloret.studio\/wp-content\/uploads\/2024\/06\/personal-branding-photographe_Strasbourg-682x1024.jpg 682w, https:\/\/lafloret.studio\/wp-content\/uploads\/2024\/06\/personal-branding-photographe_Strasbourg-768x1152.jpg 768w, https:\/\/lafloret.studio\/wp-content\/uploads\/2024\/06\/personal-branding-photographe_Strasbourg-1024x1536.jpg 1024w, https:\/\/lafloret.studio\/wp-content\/uploads\/2024\/06\/personal-branding-photographe_Strasbourg-350x525.jpg 350w, https:\/\/lafloret.studio\/wp-content\/uploads\/2024\/06\/personal-branding-photographe_Strasbourg-uai-720x1080.jpg 720w, https:\/\/lafloret.studio\/wp-content\/uploads\/2024\/06\/personal-branding-photographe_Strasbourg-uai-1032x1548.jpg 1032w\" sizes=\"(max-width: 1333px) 100vw, 1333px\" \/><\/div>\n\t\t\t\t\t<\/div>\n\t\t\t\t<\/div><\/div><\/div><\/div><\/div><\/div><\/div><\/div><\/div><\/div><script id=\"script-row-unique-4\" data-row=\"script-row-unique-4\" type=\"text\/javascript\" class=\"vc_controls\">UNCODE.initRow(document.getElementById(\"row-unique-4\"));<\/script><\/div><\/div><\/div><div data-parent=\"true\" class=\"vc_row style-color-103188-bg row-container\" id=\"row-unique-5\"><div class=\"row col-double-gutter single-top-padding quad-bottom-padding single-h-padding limit-width row-parent\" data-height-ratio=\"50\"><div class=\"wpb_row row-inner\"><div class=\"wpb_column pos-top pos-center align_left column_parent col-lg-6 single-internal-gutter\"><div class=\"uncol style-light\"  ><div class=\"uncoltable\"><div class=\"uncell no-block-padding\" ><div class=\"uncont\"><div class=\"uncode-single-media  text-left\"><div class=\"single-wrapper\" style=\"max-width: 100%;\"><div class=\"tmb tmb-light  tmb-media-first tmb-media-last tmb-content-overlay tmb-no-bg\"><div class=\"t-inside\"><div class=\"t-entry-visual\"><div class=\"t-entry-visual-tc\"><div class=\"uncode-single-media-wrapper\"><img alt=\"\" decoding=\"async\" class=\"wp-image-130801\" src=\"https:\/\/lafloret.studio\/wp-content\/uploads\/2024\/06\/Strasbourg_personal_branding_photographer.jpg\" width=\"1333\" height=\"2000\" srcset=\"https:\/\/lafloret.studio\/wp-content\/uploads\/2024\/06\/Strasbourg_personal_branding_photographer.jpg 1333w, https:\/\/lafloret.studio\/wp-content\/uploads\/2024\/06\/Strasbourg_personal_branding_photographer-200x300.jpg 200w, https:\/\/lafloret.studio\/wp-content\/uploads\/2024\/06\/Strasbourg_personal_branding_photographer-682x1024.jpg 682w, https:\/\/lafloret.studio\/wp-content\/uploads\/2024\/06\/Strasbourg_personal_branding_photographer-768x1152.jpg 768w, https:\/\/lafloret.studio\/wp-content\/uploads\/2024\/06\/Strasbourg_personal_branding_photographer-1024x1536.jpg 1024w, https:\/\/lafloret.studio\/wp-content\/uploads\/2024\/06\/Strasbourg_personal_branding_photographer-350x525.jpg 350w, https:\/\/lafloret.studio\/wp-content\/uploads\/2024\/06\/Strasbourg_personal_branding_photographer-uai-720x1080.jpg 720w, https:\/\/lafloret.studio\/wp-content\/uploads\/2024\/06\/Strasbourg_personal_branding_photographer-uai-1032x1548.jpg 1032w\" sizes=\"(max-width: 1333px) 100vw, 1333px\" \/><\/div>\n\t\t\t\t\t<\/div>\n\t\t\t\t<\/div><\/div><\/div><\/div><\/div><\/div><\/div><\/div><\/div><\/div><div class=\"wpb_column pos-middle pos-center align_left column_parent col-lg-6 single-internal-gutter\"><div class=\"uncol style-light\"  ><div class=\"uncoltable\"><div class=\"uncell no-block-padding\" ><div class=\"uncont\" style=\"max-width:900px;\"><div class=\"uncode_text_column text-lead text-color-191628-color\" ><p><strong>Ce qui est inclus :<\/strong><\/p>\n<p>\u2014 <strong>Consultation strat\u00e9gique :<\/strong><br \/>\nObtenez une clart\u00e9 sur vos objectifs de marque, votre vision et vos besoins, en pr\u00e9parant le terrain pour votre succ\u00e8s.<br \/>\n\u2014 <strong>Exp\u00e9rience de s\u00e9ance photo :<\/strong><br \/>\nMettez en valeur votre personnalit\u00e9 unique et votre expertise professionnelle<br \/>\n\u2014 <strong>Images \u00e9dit\u00e9es de haute qualit\u00e9 :<\/strong><br \/>\nRecevez une collection de photos de haute qualit\u00e9 id\u00e9ales pour tous vos besoins en mati\u00e8re de marque.<\/p>\n<p>Les s\u00e9ances sont personnalisables, et des prises de vue hors site sont disponibles pour compl\u00e9ter votre environnement de marque.<\/p>\n<p>Cr\u00e9ons un r\u00e9cit visuel qui vous repr\u00e9sente vraiment.<!-- notionvc: 13ea4fe3-9425-4c74-b119-0e89ee3c69f7 --><\/p>\n<\/div><span class=\"btn-container\" ><a href=\"https:\/\/lafloret.studio\/fr\/contact\/\" class=\"custom-link btn border-width-0 btn-color-191628 btn-icon-left\" title=\"Contact\">R\u00e9servez votre s\u00e9ance<\/a><\/span><\/div><\/div><\/div><\/div><\/div><script id=\"script-row-unique-5\" data-row=\"script-row-unique-5\" type=\"text\/javascript\" class=\"vc_controls\">UNCODE.initRow(document.getElementById(\"row-unique-5\"));<\/script><\/div><\/div><\/div><div data-parent=\"true\" class=\"vc_row style-color-177713-bg row-container\" id=\"row-unique-6\"><div class=\"row quad-top-padding quad-bottom-padding single-h-padding limit-width row-parent\" data-height-ratio=\"50\"><div class=\"wpb_row row-inner\"><div class=\"wpb_column pos-middle pos-center align_center column_parent col-lg-12 single-internal-gutter\"><div class=\"uncol style-dark\"  ><div class=\"uncoltable\"><div class=\"uncell\" ><div class=\"uncont no-block-padding col-custom-width\" style=\"max-width:900px;\"><div class=\"vc_custom_heading_wrap\"><div class=\"heading-text el-text heading-bigtext\" ><h3 class=\"font-870168 bigtext text-color-103188-color\" ><span>Des questions ? J'ai toutes les r\u00e9ponses.<!-- notionvc: 8a2cf585-e2c0-486f-8068-e2cefbc6148d --><\/span><\/h3><\/div><div class=\"clear\"><\/div><\/div><span class=\"btn-container\" ><a href=\"https:\/\/lafloret.studio\/fr\/faq\/\" class=\"custom-link btn btn-xl border-width-0 btn-text-skin btn-color-103188 btn-square btn-outline btn-icon-left\" title=\"FAQ\">FAQ<\/a><\/span><\/div><\/div><\/div><\/div><\/div><script id=\"script-row-unique-6\" data-row=\"script-row-unique-6\" type=\"text\/javascript\" class=\"vc_controls\">UNCODE.initRow(document.getElementById(\"row-unique-6\"));<\/script><\/div><\/div><\/div>\n<\/div>","protected":false},"excerpt":{"rendered":"Maternity PhotographyDuration: 45 minutes 250 EUR &#8211; 20 digital photos Up to 3 outfit changes Your journey is nothing short [...]","protected":false},"author":1,"featured_media":0,"parent":0,"menu_order":0,"comment_status":"closed","ping_status":"closed","template":"","meta":{"_seopress_robots_primary_cat":"","_seopress_titles_title":"","_seopress_titles_desc":"","_seopress_robots_index":"","footnotes":""},"class_list":["post-130738","page","type-page","status-publish","hentry"],"_links":{"self":[{"href":"https:\/\/lafloret.studio\/fr\/wp-json\/wp\/v2\/pages\/130738","targetHints":{"allow":["GET"]}}],"collection":[{"href":"https:\/\/lafloret.studio\/fr\/wp-json\/wp\/v2\/pages"}],"about":[{"href":"https:\/\/lafloret.studio\/fr\/wp-json\/wp\/v2\/types\/page"}],"author":[{"embeddable":true,"href":"https:\/\/lafloret.studio\/fr\/wp-json\/wp\/v2\/users\/1"}],"replies":[{"embeddable":true,"href":"https:\/\/lafloret.studio\/fr\/wp-json\/wp\/v2\/comments?post=130738"}],"version-history":[{"count":20,"href":"https:\/\/lafloret.studio\/fr\/wp-json\/wp\/v2\/pages\/130738\/revisions"}],"predecessor-version":[{"id":131270,"href":"https:\/\/lafloret.studio\/fr\/wp-json\/wp\/v2\/pages\/130738\/revisions\/131270"}],"wp:attachment":[{"href":"https:\/\/lafloret.studio\/fr\/wp-json\/wp\/v2\/media?parent=130738"}],"curies":[{"name":"wp","href":"https:\/\/api.w.org\/{rel}","templated":true}]}}