{"id":130743,"date":"2024-06-06T13:17:06","date_gmt":"2024-06-06T13:17:06","guid":{"rendered":"https:\/\/lafloret.studio\/?page_id=130743"},"modified":"2025-06-09T14:19:14","modified_gmt":"2025-06-09T14:19:14","slug":"faq-strasbourg-photographer","status":"publish","type":"page","link":"https:\/\/lafloret.studio\/fr\/faq-strasbourg-photographer\/","title":{"rendered":"FAQ"},"content":{"rendered":"<div class=\"wpb-content-wrapper\"><div data-parent=\"true\" class=\"vc_row row-container\" id=\"row-unique-0\"><div class=\"row triple-top-padding single-bottom-padding single-h-padding limit-width row-parent\"><div class=\"wpb_row row-inner\"><div class=\"wpb_column pos-top pos-center align_left column_parent col-lg-12 single-internal-gutter\"><div class=\"uncol style-light\"  ><div class=\"uncoltable\"><div class=\"uncell no-block-padding\" ><div class=\"uncont\"><div class=\"uncode_text_column\" ><p><strong>QUAND EST LE MEILLEUR MOMENT POUR PROGRAMMER UNE S\u00c9ANCE DE GROSSESSE ?<\/strong><\/p>\n<p>Pour les s\u00e9ances de grossesse, je recommande de r\u00e9server entre la 28e et la 32e semaine de grossesse. Pendant cette p\u00e9riode, votre ventre est joliment arrondi mais vous \u00eates encore suffisamment \u00e0 l'aise pour poser et bouger facilement.<\/p>\n<p>&nbsp;<\/p>\n<p><strong>O\u00d9 SE TROUVE VOTRE STUDIO ?<\/strong><\/p>\n<p>Vous pouvez trouver mon studio photo au 102 Av. du Rhin, 67100 Strasbourg.<\/p>\n<p>&nbsp;<\/p>\n<p><strong>FAITES-VOUS DE LA PHOTOGRAPHIE DE NOUVEAU-N\u00c9 ?<\/strong><\/p>\n<p>Oui, je le fais. Cependant, je n'offre pas d'images traditionnelles de nouveau-n\u00e9s pos\u00e9es qui n\u00e9cessitent des s\u00e9ances prolong\u00e9es et des techniques de s\u00e9curit\u00e9 sp\u00e9cialis\u00e9es. Mon objectif est de capturer des portraits authentiques et sinc\u00e8res qui refl\u00e8tent le lien naturel entre les parents et leurs petits.<\/p>\n<p>&nbsp;<\/p>\n<p><strong>FAITES-VOUS DES S\u00c9ANCES \u00c0 L'EXT\u00c9RIEUR ?<\/strong><\/p>\n<p>Oui, mais les s\u00e9ances en ext\u00e9rieur sont limit\u00e9es \u00e0 des mini-s\u00e9ances saisonni\u00e8res \u00e0 l'occasion. Suivez-moi sur les r\u00e9seaux sociaux pour obtenir des mises \u00e0 jour sur ces s\u00e9ances photo saisonni\u00e8res.<\/p>\n<p>&nbsp;<\/p>\n<p><strong>QUE DOIS-JE PORTER POUR LA S\u00c9ANCE ?<\/strong><\/p>\n<p>Lors de la r\u00e9servation, je vous fournirai un guide complet \"Que porter\", pour que vous vous sentiez confiant et \u00e0 l'aise pendant notre s\u00e9ance.<\/p>\n<p>&nbsp;<\/p>\n<p><strong>QUELLES LANGUES PARLEZ-VOUS ?<\/strong><\/p>\n<p>Je peux r\u00e9aliser votre s\u00e9ance photo en anglais, allemand, fran\u00e7ais ou hongrois - il suffit de choisir votre langue pr\u00e9f\u00e9r\u00e9e !<\/p>\n<p>&nbsp;<\/p>\n<p><strong>FAITES-VOUS DE LA RETOUCHE ?<\/strong><\/p>\n<p>Je crois en la c\u00e9l\u00e9bration de vous telle que vous \u00eates, en embrassant la beaut\u00e9 naturelle. Je traite les imperfections temporaires ou les \u00e9gratignures sur la peau, ainsi que les cheveux volants, pour que vous soyez au mieux tout en conservant l'authenticit\u00e9.<\/p>\n<p>&nbsp;<\/p>\n<p><strong>QUAND RECEVRONS-NOUS NOTRE GALERIE ?<\/strong><\/p>\n<p>Je comprends l'excitation de voir vos images ! Les images finales \u00e9dit\u00e9es sont g\u00e9n\u00e9ralement pr\u00eates \u00e0 \u00eatre visionn\u00e9es et t\u00e9l\u00e9charg\u00e9es dans les 2 semaines, selon la saison et la charge de travail.<\/p>\n<p>&nbsp;<\/p>\n<p><strong>COMMENT R\u00c9SERVER UNE S\u00c9ANCE ?<\/strong><\/p>\n<p>La r\u00e9servation est simple ! Sur la page de contact, vous pouvez choisir la date et l'heure qui vous conviennent. Ensuite, vous recevrez les d\u00e9tails pour le paiement. Une fois votre paiement re\u00e7u, votre r\u00e9servation sera confirm\u00e9e.<\/p>\n<p>Si vous avez des questions, n'h\u00e9sitez pas \u00e0 me contacter via le formulaire de contact, et je serai ravie de vous aider avec toute demande ou pr\u00e9occupation. <!-- --> <!-- notionvc: e3640445-205b-4aef-b644-18e0f8866e75 --><\/p>\n<p>&nbsp;<\/p>\n<p><strong>COMMENT G\u00c9RER LE PAIEMENT POUR LA S\u00c9ANCE PHOTO ?<\/strong><\/p>\n<p>Le paiement doit \u00eatre effectu\u00e9 \u00e0 l'avance par virement bancaire.<\/p>\n<p>&nbsp;<\/p>\n<p><strong>QUE FAIRE SI JE DOIS REPORTER ?<\/strong><\/p>\n<p>En tant que m\u00e8re moi-m\u00eame, je comprends que des \u00e9v\u00e9nements impr\u00e9vus peuvent survenir. Pour votre commodit\u00e9, je propose une option de report unique pour accommoder toute circonstance impr\u00e9vue. Votre tranquillit\u00e9 d'esprit est importante pour moi.<\/p>\n<p>&nbsp;<\/p>\n<p><strong>MES PHOTOS SERONT-ELLES POST\u00c9ES EN LIGNE ?<\/strong><\/p>\n<p>Absolument pas. Votre vie priv\u00e9e est ma priorit\u00e9. Je ne posterai ni n'afficherai vos images nulle part sans votre permission explicite. Cependant, si vous \u00eates \u00e0 l'aise pour \u00eatre pr\u00e9sent\u00e9 sur mon site web ou sur les r\u00e9seaux sociaux, faites-le moi savoir !<\/p>\n<p><strong>JE SUIS INT\u00c9RESS\u00c9E PAR UNE S\u00c9ANCE PHOTO DE PERSONAL BRANDING. QUELLES SONT LES PROCHAINES \u00c9TAPES ?<\/strong><\/p>\n<p>Contactez-moi simplement via le formulaire de contact, et nous organiserons un appel d\u00e9couverte pour discuter de votre vision, de vos objectifs et de la mani\u00e8re dont je peux les r\u00e9aliser. Je pourrai \u00e9galement vous pr\u00e9senter les diff\u00e9rents forfaits que je propose pour les s\u00e9ances de marque personnelle.<\/p>\n<!-- notionvc: f11683d1-76a6-4bcb-8609-cc345a8c4e18 -->\n<\/div><span class=\"btn-container\" ><a href=\"https:\/\/lafloret.studio\/fr\/contact\/\" class=\"custom-link btn border-width-0 btn-default btn-icon-left\" title=\"Contact\">Have another questions?<\/a><\/span><\/div><\/div><\/div><\/div><\/div><script id=\"script-row-unique-0\" data-row=\"script-row-unique-0\" type=\"text\/javascript\" class=\"vc_controls\">UNCODE.initRow(document.getElementById(\"row-unique-0\"));<\/script><\/div><\/div><\/div>\n<\/div>","protected":false},"excerpt":{"rendered":"WHEN IS THE BEST TIME TO SCHEDULE A MATERNITY SESSION? For maternity sessions, I recommend booking between 28 to 32 [...]","protected":false},"author":1,"featured_media":130663,"parent":0,"menu_order":0,"comment_status":"closed","ping_status":"closed","template":"","meta":{"_seopress_robots_primary_cat":"0","_seopress_titles_title":"","_seopress_titles_desc":"","_seopress_robots_index":"","footnotes":""},"class_list":["post-130743","page","type-page","status-publish","has-post-thumbnail","hentry"],"_links":{"self":[{"href":"https:\/\/lafloret.studio\/fr\/wp-json\/wp\/v2\/pages\/130743","targetHints":{"allow":["GET"]}}],"collection":[{"href":"https:\/\/lafloret.studio\/fr\/wp-json\/wp\/v2\/pages"}],"about":[{"href":"https:\/\/lafloret.studio\/fr\/wp-json\/wp\/v2\/types\/page"}],"author":[{"embeddable":true,"href":"https:\/\/lafloret.studio\/fr\/wp-json\/wp\/v2\/users\/1"}],"replies":[{"embeddable":true,"href":"https:\/\/lafloret.studio\/fr\/wp-json\/wp\/v2\/comments?post=130743"}],"version-history":[{"count":6,"href":"https:\/\/lafloret.studio\/fr\/wp-json\/wp\/v2\/pages\/130743\/revisions"}],"predecessor-version":[{"id":131069,"href":"https:\/\/lafloret.studio\/fr\/wp-json\/wp\/v2\/pages\/130743\/revisions\/131069"}],"wp:featuredmedia":[{"embeddable":true,"href":"https:\/\/lafloret.studio\/fr\/wp-json\/wp\/v2\/media\/130663"}],"wp:attachment":[{"href":"https:\/\/lafloret.studio\/fr\/wp-json\/wp\/v2\/media?parent=130743"}],"curies":[{"name":"wp","href":"https:\/\/api.w.org\/{rel}","templated":true}]}}